{"id":427,"date":"2025-07-28T06:07:51","date_gmt":"2025-07-28T06:07:51","guid":{"rendered":"https:\/\/islam-bestattungen.com\/?page_id=427"},"modified":"2025-08-16T12:43:07","modified_gmt":"2025-08-16T12:43:07","slug":"islamische-bestattung-in-deutschland","status":"publish","type":"page","link":"https:\/\/islam-bestattungen.com\/en\/islamische-bestattung-in-deutschland\/","title":{"rendered":"Islamic burial in Germany"},"content":{"rendered":"<div data-elementor-type=\"wp-page\" data-elementor-id=\"427\" class=\"elementor elementor-427\" data-elementor-post-type=\"page\">\n\t\t\t\t\t\t<section class=\"elementor-section elementor-top-section elementor-element elementor-element-698ad7ca elementor-section-content-middle elementor-section-boxed elementor-section-height-default elementor-section-height-default\" data-id=\"698ad7ca\" data-element_type=\"section\" data-e-type=\"section\" data-settings=\"{&quot;background_background&quot;:&quot;classic&quot;}\">\n\t\t\t\t\t\t\t<div class=\"elementor-background-overlay\"><\/div>\n\t\t\t\t\t\t\t<div class=\"elementor-container elementor-column-gap-default\">\n\t\t\t\t\t<div class=\"elementor-column elementor-col-100 elementor-top-column elementor-element elementor-element-3dfc5b12\" data-id=\"3dfc5b12\" data-element_type=\"column\" data-e-type=\"column\">\n\t\t\t<div class=\"elementor-widget-wrap elementor-element-populated\">\n\t\t\t\t\t\t\t<\/div>\n\t\t<\/div>\n\t\t\t\t\t<\/div>\n\t\t<\/section>\n\t\t\t\t<section class=\"elementor-section elementor-top-section elementor-element elementor-element-66f31ee9 elementor-section-content-middle elementor-reverse-mobile elementor-section-boxed elementor-section-height-default elementor-section-height-default\" data-id=\"66f31ee9\" data-element_type=\"section\" data-e-type=\"section\" data-settings=\"{&quot;background_background&quot;:&quot;classic&quot;}\">\n\t\t\t\t\t\t<div class=\"elementor-container elementor-column-gap-default\">\n\t\t\t\t\t<div class=\"elementor-column elementor-col-50 elementor-top-column elementor-element elementor-element-28826b59 elementor-invisible\" data-id=\"28826b59\" data-element_type=\"column\" data-e-type=\"column\" data-settings=\"{&quot;animation&quot;:&quot;fadeInLeft&quot;}\">\n\t\t\t<div class=\"elementor-widget-wrap elementor-element-populated\">\n\t\t\t\t\t\t<div class=\"elementor-element elementor-element-9b47673 elementor-widget elementor-widget-heading\" data-id=\"9b47673\" data-element_type=\"widget\" data-e-type=\"widget\" data-widget_type=\"heading.default\">\n\t\t\t\t\t<h2 class=\"elementor-heading-title elementor-size-default\">Islamische Bestattungen auch auf Deutschen Friedh\u00f6fen m\u00f6glich.<\/h2>\t\t\t\t<\/div>\n\t\t\t\t<div class=\"elementor-element elementor-element-760c7b51 elementor-widget elementor-widget-text-editor\" data-id=\"760c7b51\" data-element_type=\"widget\" data-e-type=\"widget\" data-widget_type=\"text-editor.default\">\n\t\t\t\t\t\t\t\t\t<p>Die j\u00fcngste Reform des Bestattungsgesetzes erm\u00f6glicht es uns Muslimen zunehmend, Beerdigungen nach den Riten unseres Glaubens auch in Deutschland durchzuf\u00fchren. Das stellt eine gro\u00dfe Erleichterung f\u00fcr die muslimische Gemeinschaft dar. Inzwischen bieten nahezu alle St\u00e4dte und Gemeinden in Deutschland muslimische Bestattungsm\u00f6glichkeiten \u2013 auch ohne Sarg \u2013 an.<\/p>\t\t\t\t\t\t\t\t<\/div>\n\t\t\t\t<div class=\"elementor-element elementor-element-521b84ab elementor-widget elementor-widget-text-editor\" data-id=\"521b84ab\" data-element_type=\"widget\" data-e-type=\"widget\" data-widget_type=\"text-editor.default\">\n\t\t\t\t\t\t\t\t\tDie islamische Bestattung ohne Sarg ist auch f\u00fcr uns eine besondere Herzensangelegenheit. Unsere geschulten Mitarbeiter f\u00fchren diese rituelle Beisetzung mit gr\u00f6\u00dfter Sorgfalt und Einf\u00fchlungsverm\u00f6gen durch. Bei dieser Form der Beerdigung wird der Verstorbene direkt ins Grab gelegt. Eine oder zwei Personen steigen behutsam in das Grab hinab und betten den Verstorbenen auf die rechte Seite \u2013 gem\u00e4\u00df der islamischen Tradition. Anschlie\u00dfend wird der K\u00f6rper mit sogenannten \u201eGrabplatten\u201c aus Holz abgedeckt, damit keine direkte Ber\u00fchrung mit der Erde erfolgt. Danach wird das Grab zugeschaufelt und unser Imam spricht die traditionellen Gebete.\t\t\t\t\t\t\t\t<\/div>\n\t\t\t\t\t<\/div>\n\t\t<\/div>\n\t\t\t\t<div class=\"elementor-column elementor-col-50 elementor-top-column elementor-element elementor-element-38608fcc elementor-invisible\" data-id=\"38608fcc\" data-element_type=\"column\" data-e-type=\"column\" data-settings=\"{&quot;animation&quot;:&quot;fadeInRight&quot;}\">\n\t\t\t<div class=\"elementor-widget-wrap elementor-element-populated\">\n\t\t\t\t\t\t<div class=\"elementor-element elementor-element-ccaf242 elementor-widget elementor-widget-image\" data-id=\"ccaf242\" data-element_type=\"widget\" data-e-type=\"widget\" data-widget_type=\"image.default\">\n\t\t\t\t\t\t\t\t\t\t\t\t\t\t\t<img fetchpriority=\"high\" decoding=\"async\" width=\"2000\" height=\"2000\" src=\"https:\/\/islam-bestattungen.com\/wp-content\/uploads\/2025\/07\/20155449.jpg\" class=\"attachment-full size-full wp-image-277\" alt=\"Lila Blume im Vordergrund vor einem muslimischen Friedhof in Deutschland, Symbol f\u00fcr einf\u00fchlsame islamische Beerdigungen\" srcset=\"https:\/\/islam-bestattungen.com\/wp-content\/uploads\/2025\/07\/20155449.jpg 2000w, https:\/\/islam-bestattungen.com\/wp-content\/uploads\/2025\/07\/20155449-300x300.jpg 300w, https:\/\/islam-bestattungen.com\/wp-content\/uploads\/2025\/07\/20155449-1024x1024.jpg 1024w, https:\/\/islam-bestattungen.com\/wp-content\/uploads\/2025\/07\/20155449-150x150.jpg 150w, https:\/\/islam-bestattungen.com\/wp-content\/uploads\/2025\/07\/20155449-768x768.jpg 768w, https:\/\/islam-bestattungen.com\/wp-content\/uploads\/2025\/07\/20155449-1536x1536.jpg 1536w\" sizes=\"(max-width: 2000px) 100vw, 2000px\" \/>\t\t\t\t\t\t\t\t\t\t\t\t\t\t\t<\/div>\n\t\t\t\t\t<\/div>\n\t\t<\/div>\n\t\t\t\t\t<\/div>\n\t\t<\/section>\n\t\t\t\t<section class=\"elementor-section elementor-top-section elementor-element elementor-element-15bffa62 elementor-section-boxed elementor-section-height-default elementor-section-height-default\" data-id=\"15bffa62\" data-element_type=\"section\" data-e-type=\"section\" data-settings=\"{&quot;background_background&quot;:&quot;classic&quot;}\">\n\t\t\t\t\t\t<div class=\"elementor-container elementor-column-gap-default\">\n\t\t\t\t\t<div class=\"elementor-column elementor-col-50 elementor-top-column elementor-element elementor-element-2c193e40 elementor-invisible\" data-id=\"2c193e40\" data-element_type=\"column\" data-e-type=\"column\" data-settings=\"{&quot;animation&quot;:&quot;fadeInLeft&quot;}\">\n\t\t\t<div class=\"elementor-widget-wrap elementor-element-populated\">\n\t\t\t\t\t\t<div class=\"elementor-element elementor-element-2f723627 elementor-widget elementor-widget-heading\" data-id=\"2f723627\" data-element_type=\"widget\" data-e-type=\"widget\" data-widget_type=\"heading.default\">\n\t\t\t\t\t<h2 class=\"elementor-heading-title elementor-size-default\">Beisetzung in Deutschland<\/h2>\t\t\t\t<\/div>\n\t\t\t\t<div class=\"elementor-element elementor-element-28859a3 elementor-widget elementor-widget-text-editor\" data-id=\"28859a3\" data-element_type=\"widget\" data-e-type=\"widget\" data-widget_type=\"text-editor.default\">\n\t\t\t\t\t\t\t\t\t<p>Erfahren Sie, ob eine Islamische Bestattung in Ihrer Stadt m\u00f6glich sind und wo sich die Grabfelder befinden.<\/p>\t\t\t\t\t\t\t\t<\/div>\n\t\t\t\t<div class=\"elementor-element elementor-element-f87948a elementor-widget elementor-widget-heading\" data-id=\"f87948a\" data-element_type=\"widget\" data-e-type=\"widget\" data-widget_type=\"heading.default\">\n\t\t\t\t\t<h3 class=\"elementor-heading-title elementor-size-default\">W\u00e4hlen Sie zuerst Ihr Bundesland aus<\/h3>\t\t\t\t<\/div>\n\t\t\t\t\t<\/div>\n\t\t<\/div>\n\t\t\t\t<div class=\"elementor-column elementor-col-50 elementor-top-column elementor-element elementor-element-27d8e189 elementor-invisible\" data-id=\"27d8e189\" data-element_type=\"column\" data-e-type=\"column\" data-settings=\"{&quot;animation&quot;:&quot;fadeInRight&quot;}\">\n\t\t\t<div class=\"elementor-widget-wrap elementor-element-populated\">\n\t\t\t\t\t\t<div class=\"elementor-element elementor-element-1a09fbd1 elementor-widget elementor-widget-shortcode\" data-id=\"1a09fbd1\" data-element_type=\"widget\" data-e-type=\"widget\" data-widget_type=\"shortcode.default\">\n\t\t\t\t\t\t\t<div class=\"elementor-shortcode\"><div id=\"footable_parent_471\"\n         class=\"footable_parent ninja_table_wrapper loading_ninja_table wp_table_data_press_parent semantic_ui\">\n                <table data-ninja_table_instance=\"ninja_table_instance_0\" data-footable_id=\"471\" data-filter-delay=\"1000\" aria-label=\"Beisetzung-In-Deutschland\"            id=\"footable_471\"\n           data-unique_identifier=\"ninja_table_unique_id_3562960211_471\"\n           class=\"foo-table ninja_footable foo_table_471 ninja_table_unique_id_3562960211_471 ui table  ninja_search_right nt_type_ajax_table celled striped vertical_centered  footable-paging-right ninjatable_hide_header_row ninja_table_pro\">\n                <colgroup>\n                            <col class=\"ninja_column_0\">\n                    <\/colgroup>\n            <\/table>\n    \n    \n    \n<\/div>\n<\/div>\n\t\t\t\t\t\t<\/div>\n\t\t\t\t\t<\/div>\n\t\t<\/div>\n\t\t\t\t\t<\/div>\n\t\t<\/section>\n\t\t\t\t<section class=\"elementor-section elementor-top-section elementor-element elementor-element-1b46a232 elementor-section-boxed elementor-section-height-default elementor-section-height-default\" data-id=\"1b46a232\" data-element_type=\"section\" data-e-type=\"section\" data-settings=\"{&quot;background_background&quot;:&quot;classic&quot;}\">\n\t\t\t\t\t\t<div class=\"elementor-container elementor-column-gap-default\">\n\t\t\t\t\t<div class=\"elementor-column elementor-col-50 elementor-top-column elementor-element elementor-element-61ecf306 animated-slow elementor-invisible\" data-id=\"61ecf306\" data-element_type=\"column\" data-e-type=\"column\" data-settings=\"{&quot;background_background&quot;:&quot;classic&quot;,&quot;animation&quot;:&quot;fadeInLeft&quot;}\">\n\t\t\t<div class=\"elementor-widget-wrap elementor-element-populated\">\n\t\t\t\t\t\t<div class=\"elementor-element elementor-element-4383c336 elementor-invisible elementor-widget elementor-widget-image\" data-id=\"4383c336\" data-element_type=\"widget\" data-e-type=\"widget\" data-settings=\"{&quot;_animation&quot;:&quot;fadeIn&quot;,&quot;_animation_delay&quot;:500}\" data-widget_type=\"image.default\">\n\t\t\t\t\t\t\t\t\t\t\t\t\t\t\t<img decoding=\"async\" width=\"1650\" height=\"1100\" src=\"https:\/\/islam-bestattungen.com\/wp-content\/uploads\/2025\/07\/Ilias-New-Image-1.jpg\" class=\"attachment-full size-full wp-image-379\" alt=\"Islamischer Friedhof mit Grabsteinen \u2013 NORD Islamische Bestattungen in Hamburg bietet muslimische Beerdigungen in Deutschland ohne Sarg\" srcset=\"https:\/\/islam-bestattungen.com\/wp-content\/uploads\/2025\/07\/Ilias-New-Image-1.jpg 1650w, https:\/\/islam-bestattungen.com\/wp-content\/uploads\/2025\/07\/Ilias-New-Image-1-300x200.jpg 300w, https:\/\/islam-bestattungen.com\/wp-content\/uploads\/2025\/07\/Ilias-New-Image-1-1024x683.jpg 1024w, https:\/\/islam-bestattungen.com\/wp-content\/uploads\/2025\/07\/Ilias-New-Image-1-768x512.jpg 768w, https:\/\/islam-bestattungen.com\/wp-content\/uploads\/2025\/07\/Ilias-New-Image-1-1536x1024.jpg 1536w\" sizes=\"(max-width: 1650px) 100vw, 1650px\" \/>\t\t\t\t\t\t\t\t\t\t\t\t\t\t\t<\/div>\n\t\t\t\t<div class=\"elementor-element elementor-element-18b4b99b elementor-widget elementor-widget-heading\" data-id=\"18b4b99b\" data-element_type=\"widget\" data-e-type=\"widget\" data-widget_type=\"heading.default\">\n\t\t\t\t\t<h3 class=\"elementor-heading-title elementor-size-default\">Die Art der Bestattung richtet sich auch nach den Witterungsverh\u00e4ltnissen.<\/h3>\t\t\t\t<\/div>\n\t\t\t\t<div class=\"elementor-element elementor-element-2c5cc34a elementor-widget elementor-widget-text-editor\" data-id=\"2c5cc34a\" data-element_type=\"widget\" data-e-type=\"widget\" data-widget_type=\"text-editor.default\">\n\t\t\t\t\t\t\t\t\tDie islamische Bestattung ohne Sarg gewinnt in Deutschland zunehmend an Bedeutung. Da sie jedoch stark wetterabh\u00e4ngig ist, pr\u00fcfen wir vor jeder Beisetzung sorgf\u00e4ltig die Wetterbedingungen. So stellen wir sicher, dass der Verstorbene w\u00fcrdevoll und ohne Komplikationen beigesetzt werden kann.\t\t\t\t\t\t\t\t<\/div>\n\t\t\t\t\t<\/div>\n\t\t<\/div>\n\t\t\t\t<div class=\"elementor-column elementor-col-50 elementor-top-column elementor-element elementor-element-9154cf5 animated-slow elementor-invisible\" data-id=\"9154cf5\" data-element_type=\"column\" data-e-type=\"column\" data-settings=\"{&quot;background_background&quot;:&quot;classic&quot;,&quot;animation&quot;:&quot;fadeInRight&quot;}\">\n\t\t\t<div class=\"elementor-widget-wrap elementor-element-populated\">\n\t\t\t\t\t\t<div class=\"elementor-element elementor-element-10128f5d elementor-invisible elementor-widget elementor-widget-image\" data-id=\"10128f5d\" data-element_type=\"widget\" data-e-type=\"widget\" data-settings=\"{&quot;_animation&quot;:&quot;fadeIn&quot;,&quot;_animation_delay&quot;:500}\" data-widget_type=\"image.default\">\n\t\t\t\t\t\t\t\t\t\t\t\t\t\t\t<img decoding=\"async\" width=\"1178\" height=\"884\" src=\"https:\/\/islam-bestattungen.com\/wp-content\/uploads\/2025\/07\/260635.jpg\" class=\"attachment-full size-full wp-image-278\" alt=\"Muslimisches Grab f\u00fcr Totgeborene mit arabischer Inschrift auf einem islamischen Friedhof in Deutschland\" srcset=\"https:\/\/islam-bestattungen.com\/wp-content\/uploads\/2025\/07\/260635.jpg 1178w, https:\/\/islam-bestattungen.com\/wp-content\/uploads\/2025\/07\/260635-300x225.jpg 300w, https:\/\/islam-bestattungen.com\/wp-content\/uploads\/2025\/07\/260635-1024x768.jpg 1024w, https:\/\/islam-bestattungen.com\/wp-content\/uploads\/2025\/07\/260635-768x576.jpg 768w\" sizes=\"(max-width: 1178px) 100vw, 1178px\" \/>\t\t\t\t\t\t\t\t\t\t\t\t\t\t\t<\/div>\n\t\t\t\t<div class=\"elementor-element elementor-element-755788e9 elementor-widget elementor-widget-heading\" data-id=\"755788e9\" data-element_type=\"widget\" data-e-type=\"widget\" data-widget_type=\"heading.default\">\n\t\t\t\t\t<h3 class=\"elementor-heading-title elementor-size-default\">Islamische Bestattung von Totgeborenen (Totgeburten)<\/h3>\t\t\t\t<\/div>\n\t\t\t\t<div class=\"elementor-element elementor-element-6ad02de2 elementor-widget elementor-widget-text-editor\" data-id=\"6ad02de2\" data-element_type=\"widget\" data-e-type=\"widget\" data-widget_type=\"text-editor.default\">\n\t\t\t\t\t\t\t\t\tAuch Totgeborene werden im Islam mit W\u00fcrde bestattet \u2013 mit ritueller Waschung, Einh\u00fcllung in ein Leinentuch und Beisetzung nach islamischem Brauch. Dies geschieht meist im engsten Kreis, begleitet von Gebeten und Koranrezitationen.\t\t\t\t\t\t\t\t<\/div>\n\t\t\t\t\t<\/div>\n\t\t<\/div>\n\t\t\t\t\t<\/div>\n\t\t<\/section>\n\t\t\t\t<section class=\"elementor-section elementor-top-section elementor-element elementor-element-78509fe0 elementor-section-content-middle elementor-section-boxed elementor-section-height-default elementor-section-height-default\" data-id=\"78509fe0\" data-element_type=\"section\" data-e-type=\"section\" data-settings=\"{&quot;background_background&quot;:&quot;classic&quot;}\">\n\t\t\t\t\t\t<div class=\"elementor-container elementor-column-gap-no\">\n\t\t\t\t\t<div class=\"elementor-column elementor-col-100 elementor-top-column elementor-element elementor-element-1ffddc1e\" data-id=\"1ffddc1e\" data-element_type=\"column\" data-e-type=\"column\">\n\t\t\t<div class=\"elementor-widget-wrap elementor-element-populated\">\n\t\t\t\t\t\t<div class=\"elementor-element elementor-element-6f10b5e4 elementor-invisible elementor-widget elementor-widget-heading\" data-id=\"6f10b5e4\" data-element_type=\"widget\" data-e-type=\"widget\" data-settings=\"{&quot;_animation&quot;:&quot;fadeInUp&quot;}\" data-widget_type=\"heading.default\">\n\t\t\t\t\t<h2 class=\"elementor-heading-title elementor-size-default\">Folgende Unterlagen werden im Sterbefall ben\u00f6tigt<\/h2>\t\t\t\t<\/div>\n\t\t\t\t<section class=\"elementor-section elementor-inner-section elementor-element elementor-element-f2aac63 elementor-section-boxed elementor-section-height-default elementor-section-height-default elementor-invisible\" data-id=\"f2aac63\" data-element_type=\"section\" data-e-type=\"section\" data-settings=\"{&quot;background_background&quot;:&quot;classic&quot;,&quot;animation&quot;:&quot;fadeInUp&quot;,&quot;animation_delay&quot;:250}\">\n\t\t\t\t\t\t<div class=\"elementor-container elementor-column-gap-default\">\n\t\t\t\t\t<div class=\"elementor-column elementor-col-25 elementor-inner-column elementor-element elementor-element-453436c4\" data-id=\"453436c4\" data-element_type=\"column\" data-e-type=\"column\" data-settings=\"{&quot;background_background&quot;:&quot;classic&quot;}\">\n\t\t\t<div class=\"elementor-widget-wrap elementor-element-populated\">\n\t\t\t\t\t\t<div class=\"elementor-element elementor-element-5340e3af elementor-widget elementor-widget-heading\" data-id=\"5340e3af\" data-element_type=\"widget\" data-e-type=\"widget\" data-widget_type=\"heading.default\">\n\t\t\t\t\t<h3 class=\"elementor-heading-title elementor-size-default\">Ledig<\/h3>\t\t\t\t<\/div>\n\t\t\t\t<div class=\"elementor-element elementor-element-7fbb566 elementor-widget elementor-widget-text-editor\" data-id=\"7fbb566\" data-element_type=\"widget\" data-e-type=\"widget\" data-widget_type=\"text-editor.default\">\n\t\t\t\t\t\t\t\t\tBen\u00f6tigte Dokumente\t\t\t\t\t\t\t\t<\/div>\n\t\t\t\t<div class=\"elementor-element elementor-element-70fb3514 elementor-widget elementor-widget-text-editor\" data-id=\"70fb3514\" data-element_type=\"widget\" data-e-type=\"widget\" data-widget_type=\"text-editor.default\">\n\t\t\t\t\t\t\t\t\t<ul><li>Geburtsurkunde<\/li><li>Ausweis u. Reisepass d. Verstorbenen<\/li><li>ggf. Meldebscheinigung<\/li><\/ul>\t\t\t\t\t\t\t\t<\/div>\n\t\t\t\t\t<\/div>\n\t\t<\/div>\n\t\t\t\t<div class=\"elementor-column elementor-col-25 elementor-inner-column elementor-element elementor-element-5fa3cb06\" data-id=\"5fa3cb06\" data-element_type=\"column\" data-e-type=\"column\" data-settings=\"{&quot;background_background&quot;:&quot;classic&quot;}\">\n\t\t\t<div class=\"elementor-widget-wrap elementor-element-populated\">\n\t\t\t\t\t\t<div class=\"elementor-element elementor-element-13068931 elementor-widget elementor-widget-heading\" data-id=\"13068931\" data-element_type=\"widget\" data-e-type=\"widget\" data-widget_type=\"heading.default\">\n\t\t\t\t\t<h3 class=\"elementor-heading-title elementor-size-default\">Verheiratet<\/h3>\t\t\t\t<\/div>\n\t\t\t\t<div class=\"elementor-element elementor-element-33999c94 elementor-widget elementor-widget-text-editor\" data-id=\"33999c94\" data-element_type=\"widget\" data-e-type=\"widget\" data-widget_type=\"text-editor.default\">\n\t\t\t\t\t\t\t\t\tBen\u00f6tigte Dokumente\t\t\t\t\t\t\t\t<\/div>\n\t\t\t\t<div class=\"elementor-element elementor-element-74236ad4 elementor-widget elementor-widget-text-editor\" data-id=\"74236ad4\" data-element_type=\"widget\" data-e-type=\"widget\" data-widget_type=\"text-editor.default\">\n\t\t\t\t\t\t\t\t\t<ul><li>Heiratsurkunde oder Familienbuch<\/li><li>Ausweis u. Reisepass d. Verstorbenen<\/li><li>Raf. Moldebescheinigung<\/li><\/ul>\t\t\t\t\t\t\t\t<\/div>\n\t\t\t\t\t<\/div>\n\t\t<\/div>\n\t\t\t\t<div class=\"elementor-column elementor-col-25 elementor-inner-column elementor-element elementor-element-6c5920b6\" data-id=\"6c5920b6\" data-element_type=\"column\" data-e-type=\"column\" data-settings=\"{&quot;background_background&quot;:&quot;classic&quot;}\">\n\t\t\t<div class=\"elementor-widget-wrap elementor-element-populated\">\n\t\t\t\t\t\t<div class=\"elementor-element elementor-element-1f266e23 elementor-widget elementor-widget-heading\" data-id=\"1f266e23\" data-element_type=\"widget\" data-e-type=\"widget\" data-widget_type=\"heading.default\">\n\t\t\t\t\t<h3 class=\"elementor-heading-title elementor-size-default\">Verwitwet<\/h3>\t\t\t\t<\/div>\n\t\t\t\t<div class=\"elementor-element elementor-element-257b43d2 elementor-widget elementor-widget-text-editor\" data-id=\"257b43d2\" data-element_type=\"widget\" data-e-type=\"widget\" data-widget_type=\"text-editor.default\">\n\t\t\t\t\t\t\t\t\tBen\u00f6tigte Dokumente\t\t\t\t\t\t\t\t<\/div>\n\t\t\t\t<div class=\"elementor-element elementor-element-44b8729e elementor-widget elementor-widget-text-editor\" data-id=\"44b8729e\" data-element_type=\"widget\" data-e-type=\"widget\" data-widget_type=\"text-editor.default\">\n\t\t\t\t\t\t\t\t\t<ul><li>Heiratsurkunde oder Familienbuch<\/li><li>Sterbeurkunde des Ehepartners<\/li><li>ggt. Heiratsurkunde<\/li><li>Ausweis u. Reisepass d. Verstorbenen<\/li><\/ul>\t\t\t\t\t\t\t\t<\/div>\n\t\t\t\t\t<\/div>\n\t\t<\/div>\n\t\t\t\t<div class=\"elementor-column elementor-col-25 elementor-inner-column elementor-element elementor-element-1be03b18\" data-id=\"1be03b18\" data-element_type=\"column\" data-e-type=\"column\" data-settings=\"{&quot;background_background&quot;:&quot;classic&quot;}\">\n\t\t\t<div class=\"elementor-widget-wrap elementor-element-populated\">\n\t\t\t\t\t\t<div class=\"elementor-element elementor-element-66880331 elementor-widget elementor-widget-heading\" data-id=\"66880331\" data-element_type=\"widget\" data-e-type=\"widget\" data-widget_type=\"heading.default\">\n\t\t\t\t\t<h3 class=\"elementor-heading-title elementor-size-default\">Geschieden<\/h3>\t\t\t\t<\/div>\n\t\t\t\t<div class=\"elementor-element elementor-element-3ac87aba elementor-widget elementor-widget-text-editor\" data-id=\"3ac87aba\" data-element_type=\"widget\" data-e-type=\"widget\" data-widget_type=\"text-editor.default\">\n\t\t\t\t\t\t\t\t\tBen\u00f6tigte Dokumente\t\t\t\t\t\t\t\t<\/div>\n\t\t\t\t<div class=\"elementor-element elementor-element-37186136 elementor-widget elementor-widget-text-editor\" data-id=\"37186136\" data-element_type=\"widget\" data-e-type=\"widget\" data-widget_type=\"text-editor.default\">\n\t\t\t\t\t\t\t\t\t<ul><li>Heiratsurkunde oder Familienbuch<\/li><li>rechtskr\u00e4ftiges Scheidungsurteil<\/li><li>Ausweis u. Reisepass d. Verstorbenen<\/li><li>ggf. Meldebescheinigung<\/li><\/ul>\t\t\t\t\t\t\t\t<\/div>\n\t\t\t\t\t<\/div>\n\t\t<\/div>\n\t\t\t\t\t<\/div>\n\t\t<\/section>\n\t\t\t\t<section class=\"elementor-section elementor-inner-section elementor-element elementor-element-5bc9df7a elementor-section-boxed elementor-section-height-default elementor-section-height-default elementor-invisible\" data-id=\"5bc9df7a\" data-element_type=\"section\" data-e-type=\"section\" data-settings=\"{&quot;background_background&quot;:&quot;classic&quot;,&quot;animation&quot;:&quot;fadeInUp&quot;,&quot;animation_delay&quot;:500}\">\n\t\t\t\t\t\t<div class=\"elementor-container elementor-column-gap-default\">\n\t\t\t\t\t<div class=\"elementor-column elementor-col-100 elementor-inner-column elementor-element elementor-element-789721ae\" data-id=\"789721ae\" data-element_type=\"column\" data-e-type=\"column\" data-settings=\"{&quot;background_background&quot;:&quot;classic&quot;}\">\n\t\t\t<div class=\"elementor-widget-wrap elementor-element-populated\">\n\t\t\t\t\t\t<div class=\"elementor-element elementor-element-341bfda4 elementor-widget elementor-widget-heading\" data-id=\"341bfda4\" data-element_type=\"widget\" data-e-type=\"widget\" data-widget_type=\"heading.default\">\n\t\t\t\t\t<h5 class=\"elementor-heading-title elementor-size-default\">Warum werden diese Unterlagen ben\u00f6tigt?<\/h5>\t\t\t\t<\/div>\n\t\t\t\t<div class=\"elementor-element elementor-element-3dc86928 elementor-widget elementor-widget-text-editor\" data-id=\"3dc86928\" data-element_type=\"widget\" data-e-type=\"widget\" data-widget_type=\"text-editor.default\">\n\t\t\t\t\t\t\t\t\tDie Unterlagen werden f\u00fcr das Standesamt ben\u00f6tigt, um die Sterbeurkunden zu bekommen. Ohne Sterbeurkunden ist eine Beisetzung oder \u00dcberf\u00fchrung nicht m\u00f6glich. Au\u00dferdem wird die Sterbeurkunde hinterher auch f\u00fcr Abmeldungen, Erbangelegenheiten, Rentenanspr\u00fcche etc. ben\u00f6tigt.\t\t\t\t\t\t\t\t<\/div>\n\t\t\t\t\t<\/div>\n\t\t<\/div>\n\t\t\t\t\t<\/div>\n\t\t<\/section>\n\t\t\t\t\t<\/div>\n\t\t<\/div>\n\t\t\t\t\t<\/div>\n\t\t<\/section>\n\t\t\t\t<\/div>","protected":false},"excerpt":{"rendered":"<p>Islamische Bestattungen auch auf Deutschen Friedh\u00f6fen m\u00f6glich. Die j\u00fcngste Reform des Bestattungsgesetzes erm\u00f6glicht es uns Muslimen zunehmend, Beerdigungen nach den Riten unseres Glaubens auch in Deutschland durchzuf\u00fchren. Das stellt eine gro\u00dfe Erleichterung f\u00fcr die muslimische Gemeinschaft dar. Inzwischen bieten nahezu alle St\u00e4dte und Gemeinden in Deutschland muslimische Bestattungsm\u00f6glichkeiten \u2013 auch ohne Sarg \u2013 an. Die [&hellip;]<\/p>\n","protected":false},"author":1,"featured_media":703,"parent":0,"menu_order":0,"comment_status":"closed","ping_status":"closed","template":"elementor_header_footer","meta":{"footnotes":""},"class_list":["post-427","page","type-page","status-publish","has-post-thumbnail","hentry"],"_links":{"self":[{"href":"https:\/\/islam-bestattungen.com\/en\/wp-json\/wp\/v2\/pages\/427","targetHints":{"allow":["GET"]}}],"collection":[{"href":"https:\/\/islam-bestattungen.com\/en\/wp-json\/wp\/v2\/pages"}],"about":[{"href":"https:\/\/islam-bestattungen.com\/en\/wp-json\/wp\/v2\/types\/page"}],"author":[{"embeddable":true,"href":"https:\/\/islam-bestattungen.com\/en\/wp-json\/wp\/v2\/users\/1"}],"replies":[{"embeddable":true,"href":"https:\/\/islam-bestattungen.com\/en\/wp-json\/wp\/v2\/comments?post=427"}],"version-history":[{"count":0,"href":"https:\/\/islam-bestattungen.com\/en\/wp-json\/wp\/v2\/pages\/427\/revisions"}],"wp:featuredmedia":[{"embeddable":true,"href":"https:\/\/islam-bestattungen.com\/en\/wp-json\/wp\/v2\/media\/703"}],"wp:attachment":[{"href":"https:\/\/islam-bestattungen.com\/en\/wp-json\/wp\/v2\/media?parent=427"}],"curies":[{"name":"wp","href":"https:\/\/api.w.org\/{rel}","templated":true}]}}