{"id":445,"date":"2025-07-28T06:12:12","date_gmt":"2025-07-28T06:12:12","guid":{"rendered":"https:\/\/islam-bestattungen.com\/?page_id=445"},"modified":"2025-08-16T12:22:18","modified_gmt":"2025-08-16T12:22:18","slug":"internationale-uberfuhrung","status":"publish","type":"page","link":"https:\/\/islam-bestattungen.com\/en\/internationale-uberfuhrung\/","title":{"rendered":"International transfer"},"content":{"rendered":"<div data-elementor-type=\"wp-page\" data-elementor-id=\"445\" class=\"elementor elementor-445\" data-elementor-post-type=\"page\">\n\t\t\t\t\t\t<section class=\"elementor-section elementor-top-section elementor-element elementor-element-2b593bc elementor-section-content-middle elementor-section-boxed elementor-section-height-default elementor-section-height-default\" data-id=\"2b593bc\" data-element_type=\"section\" data-e-type=\"section\" data-settings=\"{&quot;background_background&quot;:&quot;classic&quot;}\">\n\t\t\t\t\t\t\t<div class=\"elementor-background-overlay\"><\/div>\n\t\t\t\t\t\t\t<div class=\"elementor-container elementor-column-gap-default\">\n\t\t\t\t\t<div class=\"elementor-column elementor-col-100 elementor-top-column elementor-element elementor-element-af69f9c\" data-id=\"af69f9c\" data-element_type=\"column\" data-e-type=\"column\">\n\t\t\t<div class=\"elementor-widget-wrap elementor-element-populated\">\n\t\t\t\t\t\t\t<\/div>\n\t\t<\/div>\n\t\t\t\t\t<\/div>\n\t\t<\/section>\n\t\t\t\t<section class=\"elementor-section elementor-top-section elementor-element elementor-element-65b633db elementor-section-content-middle elementor-section-boxed elementor-section-height-default elementor-section-height-default\" data-id=\"65b633db\" data-element_type=\"section\" data-e-type=\"section\" data-settings=\"{&quot;background_background&quot;:&quot;classic&quot;}\">\n\t\t\t\t\t\t<div class=\"elementor-container elementor-column-gap-default\">\n\t\t\t\t\t<div class=\"elementor-column elementor-col-50 elementor-top-column elementor-element elementor-element-3c2e874d elementor-invisible\" data-id=\"3c2e874d\" data-element_type=\"column\" data-e-type=\"column\" data-settings=\"{&quot;animation&quot;:&quot;fadeInLeft&quot;}\">\n\t\t\t<div class=\"elementor-widget-wrap elementor-element-populated\">\n\t\t\t\t\t\t<div class=\"elementor-element elementor-element-50104e87 elementor-widget elementor-widget-image\" data-id=\"50104e87\" data-element_type=\"widget\" data-e-type=\"widget\" data-widget_type=\"image.default\">\n\t\t\t\t\t\t\t\t\t\t\t\t\t\t\t<img fetchpriority=\"high\" decoding=\"async\" width=\"1650\" height=\"1100\" src=\"https:\/\/islam-bestattungen.com\/wp-content\/uploads\/2025\/07\/Ilias-New-Image-2.jpg\" class=\"attachment-full size-full wp-image-380\" alt=\"Holzsarg im Transportfahrzeug f\u00fcr die \u00dcberf\u00fchrung eines Verstorbenen im Rahmen einer islamischen Bestattung in Deutschland\" srcset=\"https:\/\/islam-bestattungen.com\/wp-content\/uploads\/2025\/07\/Ilias-New-Image-2.jpg 1650w, https:\/\/islam-bestattungen.com\/wp-content\/uploads\/2025\/07\/Ilias-New-Image-2-300x200.jpg 300w, https:\/\/islam-bestattungen.com\/wp-content\/uploads\/2025\/07\/Ilias-New-Image-2-1024x683.jpg 1024w, https:\/\/islam-bestattungen.com\/wp-content\/uploads\/2025\/07\/Ilias-New-Image-2-768x512.jpg 768w, https:\/\/islam-bestattungen.com\/wp-content\/uploads\/2025\/07\/Ilias-New-Image-2-1536x1024.jpg 1536w\" sizes=\"(max-width: 1650px) 100vw, 1650px\" \/>\t\t\t\t\t\t\t\t\t\t\t\t\t\t\t<\/div>\n\t\t\t\t\t<\/div>\n\t\t<\/div>\n\t\t\t\t<div class=\"elementor-column elementor-col-50 elementor-top-column elementor-element elementor-element-46b2daaa elementor-invisible\" data-id=\"46b2daaa\" data-element_type=\"column\" data-e-type=\"column\" data-settings=\"{&quot;animation&quot;:&quot;fadeInRight&quot;}\">\n\t\t\t<div class=\"elementor-widget-wrap elementor-element-populated\">\n\t\t\t\t\t\t<div class=\"elementor-element elementor-element-7db3f0b3 elementor-widget elementor-widget-heading\" data-id=\"7db3f0b3\" data-element_type=\"widget\" data-e-type=\"widget\" data-widget_type=\"heading.default\">\n\t\t\t\t\t<h2 class=\"elementor-heading-title elementor-size-default\">Burial at home<\/h2>\t\t\t\t<\/div>\n\t\t\t\t<div class=\"elementor-element elementor-element-66447956 elementor-widget elementor-widget-text-editor\" data-id=\"66447956\" data-element_type=\"widget\" data-e-type=\"widget\" data-widget_type=\"text-editor.default\">\n\t\t\t\t\t\t\t\t\t<p>Gerade Menschen, die viele Jahre ihres Lebens fernab ihrer Heimat verbracht haben, versp\u00fcren h\u00e4ufig den tiefen Wunsch, ihre letzte Ruhe im Heimatland zu finden. Das Leben f\u00fchrte viele nach Deutschland \u2013 der Tod bringt sie zur\u00fcck in ihre Heimat.<br \/><br \/>F\u00fcr zahlreiche Muslime mit Migrationshintergrund ist die Bestattung im Heimatland ein bedeutendes Anliegen. Immer mehr Familien \u00e4u\u00dfern den Wunsch, ihre verstorbenen Angeh\u00f6rigen in der Heimat beizusetzen.<\/p><p>Islamisches Bestattungsinstitut NORD Islamische Bestattungen erf\u00fcllt diesen Wunsch nun seit \u00fcber 25 Jahren mit gr\u00f6\u00dftem Respekt und Sorgfalt.<br \/>Die schnellstm\u00f6gliche \u00dcberf\u00fchrung des Verstorbenen hat f\u00fcr uns oberste Priorit\u00e4t \u2013 in den meisten F\u00e4llen ist eine Organisation innerhalb von 24 Stunden m\u00f6glich. Wir \u00fcbernehmen f\u00fcr Sie s\u00e4mtliche Aufgaben, die f\u00fcr die \u00dcberf\u00fchrung in das Heimatland notwendig sind \u2013 von der beh\u00f6rdlichen Abwicklung bis hin zur Koordination mit dem Zielland.<\/p><p>Auch die Organisation von Flugtickets f\u00fcr mitreisende Angeh\u00f6rige geh\u00f6rt zu unserem Service.<\/p><p>Dank unseres weltweiten Netzwerks aus erfahrenen Partnerunternehmen und Fluggesellschaften erm\u00f6glichen wir eine z\u00fcgige und w\u00fcrdevolle \u00dcberf\u00fchrung \u2013 f\u00fcr eine baldige Beisetzung, wo immer sie gew\u00fcnscht ist.<\/p>\t\t\t\t\t\t\t\t<\/div>\n\t\t\t\t\t<\/div>\n\t\t<\/div>\n\t\t\t\t\t<\/div>\n\t\t<\/section>\n\t\t\t\t<section class=\"elementor-section elementor-top-section elementor-element elementor-element-7a5dfd98 elementor-section-content-middle elementor-section-boxed elementor-section-height-default elementor-section-height-default\" data-id=\"7a5dfd98\" data-element_type=\"section\" data-e-type=\"section\" data-settings=\"{&quot;background_background&quot;:&quot;classic&quot;}\">\n\t\t\t\t\t\t<div class=\"elementor-container elementor-column-gap-default\">\n\t\t\t\t\t<div class=\"elementor-column elementor-col-100 elementor-top-column elementor-element elementor-element-77506db8\" data-id=\"77506db8\" data-element_type=\"column\" data-e-type=\"column\">\n\t\t\t<div class=\"elementor-widget-wrap elementor-element-populated\">\n\t\t\t\t\t\t<div class=\"elementor-element elementor-element-5b6d4174 elementor-invisible elementor-widget elementor-widget-heading\" data-id=\"5b6d4174\" data-element_type=\"widget\" data-e-type=\"widget\" data-settings=\"{&quot;_animation&quot;:&quot;fadeInUp&quot;}\" data-widget_type=\"heading.default\">\n\t\t\t\t\t<h2 class=\"elementor-heading-title elementor-size-default\">Internationale \u00dcberf\u00fchrungen sind in folgende L\u00e4nder m\u00f6glich und wurden von Islamisches Bestattungsinstitut NORD Islamische Bestattungen bereits erfolgreich durchgef\u00fchrt.<\/h2>\t\t\t\t<\/div>\n\t\t\t\t<div class=\"elementor-element elementor-element-1b44dc6c animated-slow elementor-invisible elementor-widget elementor-widget-shortcode\" data-id=\"1b44dc6c\" data-element_type=\"widget\" data-e-type=\"widget\" data-settings=\"{&quot;_animation&quot;:&quot;fadeIn&quot;,&quot;_animation_delay&quot;:250}\" data-widget_type=\"shortcode.default\">\n\t\t\t\t\t\t\t<div class=\"elementor-shortcode\"><div id=\"footable_parent_469\"\n         class=\"footable_parent ninja_table_wrapper loading_ninja_table wp_table_data_press_parent semantic_ui\">\n                <table data-ninja_table_instance=\"ninja_table_instance_0\" data-footable_id=\"469\" data-filter-delay=\"1000\" aria-label=\"Internationale-Ueberfuehrungen\"            id=\"footable_469\"\n           data-unique_identifier=\"ninja_table_unique_id_1100450060_469\"\n           class=\"foo-table ninja_footable foo_table_469 ninja_table_unique_id_1100450060_469 ui table  ninja_search_right nt_type_ajax_table selectable celled striped vertical_centered  footable-paging-right ninjatable_hide_header_row ninja_table_pro\">\n                <colgroup>\n                            <col class=\"ninja_column_0\">\n                    <\/colgroup>\n            <\/table>\n    \n    \n    \n<\/div>\n<\/div>\n\t\t\t\t\t\t<\/div>\n\t\t\t\t\t<\/div>\n\t\t<\/div>\n\t\t\t\t\t<\/div>\n\t\t<\/section>\n\t\t\t\t<section class=\"elementor-section elementor-top-section elementor-element elementor-element-2574daa elementor-section-content-middle elementor-section-boxed elementor-section-height-default elementor-section-height-default\" data-id=\"2574daa\" data-element_type=\"section\" data-e-type=\"section\" data-settings=\"{&quot;background_background&quot;:&quot;classic&quot;}\">\n\t\t\t\t\t\t<div class=\"elementor-container elementor-column-gap-no\">\n\t\t\t\t\t<div class=\"elementor-column elementor-col-100 elementor-top-column elementor-element elementor-element-9492d97\" data-id=\"9492d97\" data-element_type=\"column\" data-e-type=\"column\">\n\t\t\t<div class=\"elementor-widget-wrap elementor-element-populated\">\n\t\t\t\t\t\t<div class=\"elementor-element elementor-element-3958151 elementor-invisible elementor-widget elementor-widget-heading\" data-id=\"3958151\" data-element_type=\"widget\" data-e-type=\"widget\" data-settings=\"{&quot;_animation&quot;:&quot;fadeInUp&quot;}\" data-widget_type=\"heading.default\">\n\t\t\t\t\t<h2 class=\"elementor-heading-title elementor-size-default\">Folgende Unterlagen werden im Sterbefall ben\u00f6tigt<\/h2>\t\t\t\t<\/div>\n\t\t\t\t<section class=\"elementor-section elementor-inner-section elementor-element elementor-element-312d053 elementor-section-boxed elementor-section-height-default elementor-section-height-default elementor-invisible\" data-id=\"312d053\" data-element_type=\"section\" data-e-type=\"section\" data-settings=\"{&quot;background_background&quot;:&quot;classic&quot;,&quot;animation&quot;:&quot;fadeInUp&quot;,&quot;animation_delay&quot;:250}\">\n\t\t\t\t\t\t<div class=\"elementor-container elementor-column-gap-default\">\n\t\t\t\t\t<div class=\"elementor-column elementor-col-25 elementor-inner-column elementor-element elementor-element-4e2b228\" data-id=\"4e2b228\" data-element_type=\"column\" data-e-type=\"column\" data-settings=\"{&quot;background_background&quot;:&quot;classic&quot;}\">\n\t\t\t<div class=\"elementor-widget-wrap elementor-element-populated\">\n\t\t\t\t\t\t<div class=\"elementor-element elementor-element-6dabdc2 elementor-widget elementor-widget-heading\" data-id=\"6dabdc2\" data-element_type=\"widget\" data-e-type=\"widget\" data-widget_type=\"heading.default\">\n\t\t\t\t\t<h3 class=\"elementor-heading-title elementor-size-default\">Ledig<\/h3>\t\t\t\t<\/div>\n\t\t\t\t<div class=\"elementor-element elementor-element-4ecd3ad elementor-widget elementor-widget-text-editor\" data-id=\"4ecd3ad\" data-element_type=\"widget\" data-e-type=\"widget\" data-widget_type=\"text-editor.default\">\n\t\t\t\t\t\t\t\t\tBen\u00f6tigte Dokumente\t\t\t\t\t\t\t\t<\/div>\n\t\t\t\t<div class=\"elementor-element elementor-element-1434d66 elementor-widget elementor-widget-text-editor\" data-id=\"1434d66\" data-element_type=\"widget\" data-e-type=\"widget\" data-widget_type=\"text-editor.default\">\n\t\t\t\t\t\t\t\t\t<ul><li>Geburtsurkunde<\/li><li>Ausweis u. Reisepass d. Verstorbenen<\/li><li>ggf. Meldebscheinigung<\/li><\/ul>\t\t\t\t\t\t\t\t<\/div>\n\t\t\t\t\t<\/div>\n\t\t<\/div>\n\t\t\t\t<div class=\"elementor-column elementor-col-25 elementor-inner-column elementor-element elementor-element-2c5b1ce\" data-id=\"2c5b1ce\" data-element_type=\"column\" data-e-type=\"column\" data-settings=\"{&quot;background_background&quot;:&quot;classic&quot;}\">\n\t\t\t<div class=\"elementor-widget-wrap elementor-element-populated\">\n\t\t\t\t\t\t<div class=\"elementor-element elementor-element-422426f elementor-widget elementor-widget-heading\" data-id=\"422426f\" data-element_type=\"widget\" data-e-type=\"widget\" data-widget_type=\"heading.default\">\n\t\t\t\t\t<h3 class=\"elementor-heading-title elementor-size-default\">Verheiratet<\/h3>\t\t\t\t<\/div>\n\t\t\t\t<div class=\"elementor-element elementor-element-f46fa93 elementor-widget elementor-widget-text-editor\" data-id=\"f46fa93\" data-element_type=\"widget\" data-e-type=\"widget\" data-widget_type=\"text-editor.default\">\n\t\t\t\t\t\t\t\t\tBen\u00f6tigte Dokumente\t\t\t\t\t\t\t\t<\/div>\n\t\t\t\t<div class=\"elementor-element elementor-element-657403a elementor-widget elementor-widget-text-editor\" data-id=\"657403a\" data-element_type=\"widget\" data-e-type=\"widget\" data-widget_type=\"text-editor.default\">\n\t\t\t\t\t\t\t\t\t<ul><li>Heiratsurkunde oder Familienbuch<\/li><li>Ausweis u. Reisepass d. Verstorbenen<\/li><li>Raf. Moldebescheinigung<\/li><\/ul>\t\t\t\t\t\t\t\t<\/div>\n\t\t\t\t\t<\/div>\n\t\t<\/div>\n\t\t\t\t<div class=\"elementor-column elementor-col-25 elementor-inner-column elementor-element elementor-element-c83bd0b\" data-id=\"c83bd0b\" data-element_type=\"column\" data-e-type=\"column\" data-settings=\"{&quot;background_background&quot;:&quot;classic&quot;}\">\n\t\t\t<div class=\"elementor-widget-wrap elementor-element-populated\">\n\t\t\t\t\t\t<div class=\"elementor-element elementor-element-bda8ba2 elementor-widget elementor-widget-heading\" data-id=\"bda8ba2\" data-element_type=\"widget\" data-e-type=\"widget\" data-widget_type=\"heading.default\">\n\t\t\t\t\t<h3 class=\"elementor-heading-title elementor-size-default\">Verwitwet<\/h3>\t\t\t\t<\/div>\n\t\t\t\t<div class=\"elementor-element elementor-element-ceefd77 elementor-widget elementor-widget-text-editor\" data-id=\"ceefd77\" data-element_type=\"widget\" data-e-type=\"widget\" data-widget_type=\"text-editor.default\">\n\t\t\t\t\t\t\t\t\tBen\u00f6tigte Dokumente\t\t\t\t\t\t\t\t<\/div>\n\t\t\t\t<div class=\"elementor-element elementor-element-d2a3274 elementor-widget elementor-widget-text-editor\" data-id=\"d2a3274\" data-element_type=\"widget\" data-e-type=\"widget\" data-widget_type=\"text-editor.default\">\n\t\t\t\t\t\t\t\t\t<ul><li>Heiratsurkunde oder Familienbuch<\/li><li>Sterbeurkunde des Ehepartners<\/li><li>ggt. Heiratsurkunde<\/li><li>Ausweis u. Reisepass d. Verstorbenen<\/li><\/ul>\t\t\t\t\t\t\t\t<\/div>\n\t\t\t\t\t<\/div>\n\t\t<\/div>\n\t\t\t\t<div class=\"elementor-column elementor-col-25 elementor-inner-column elementor-element elementor-element-c4e8a7b\" data-id=\"c4e8a7b\" data-element_type=\"column\" data-e-type=\"column\" data-settings=\"{&quot;background_background&quot;:&quot;classic&quot;}\">\n\t\t\t<div class=\"elementor-widget-wrap elementor-element-populated\">\n\t\t\t\t\t\t<div class=\"elementor-element elementor-element-58b14c9 elementor-widget elementor-widget-heading\" data-id=\"58b14c9\" data-element_type=\"widget\" data-e-type=\"widget\" data-widget_type=\"heading.default\">\n\t\t\t\t\t<h3 class=\"elementor-heading-title elementor-size-default\">Geschieden<\/h3>\t\t\t\t<\/div>\n\t\t\t\t<div class=\"elementor-element elementor-element-6049d7f elementor-widget elementor-widget-text-editor\" data-id=\"6049d7f\" data-element_type=\"widget\" data-e-type=\"widget\" data-widget_type=\"text-editor.default\">\n\t\t\t\t\t\t\t\t\tBen\u00f6tigte Dokumente\t\t\t\t\t\t\t\t<\/div>\n\t\t\t\t<div class=\"elementor-element elementor-element-3ddf880 elementor-widget elementor-widget-text-editor\" data-id=\"3ddf880\" data-element_type=\"widget\" data-e-type=\"widget\" data-widget_type=\"text-editor.default\">\n\t\t\t\t\t\t\t\t\t<ul><li>Heiratsurkunde oder Familienbuch<\/li><li>rechtskr\u00e4ftiges Scheidungsurteil<\/li><li>Ausweis u. Reisepass d. Verstorbenen<\/li><li>ggf. Meldebescheinigung<\/li><\/ul>\t\t\t\t\t\t\t\t<\/div>\n\t\t\t\t\t<\/div>\n\t\t<\/div>\n\t\t\t\t\t<\/div>\n\t\t<\/section>\n\t\t\t\t<section class=\"elementor-section elementor-inner-section elementor-element elementor-element-70c6f05 elementor-section-boxed elementor-section-height-default elementor-section-height-default elementor-invisible\" data-id=\"70c6f05\" data-element_type=\"section\" data-e-type=\"section\" data-settings=\"{&quot;background_background&quot;:&quot;classic&quot;,&quot;animation&quot;:&quot;fadeInUp&quot;,&quot;animation_delay&quot;:500}\">\n\t\t\t\t\t\t<div class=\"elementor-container elementor-column-gap-default\">\n\t\t\t\t\t<div class=\"elementor-column elementor-col-100 elementor-inner-column elementor-element elementor-element-1516beb\" data-id=\"1516beb\" data-element_type=\"column\" data-e-type=\"column\" data-settings=\"{&quot;background_background&quot;:&quot;classic&quot;}\">\n\t\t\t<div class=\"elementor-widget-wrap elementor-element-populated\">\n\t\t\t\t\t\t<div class=\"elementor-element elementor-element-fbe98b3 elementor-widget elementor-widget-heading\" data-id=\"fbe98b3\" data-element_type=\"widget\" data-e-type=\"widget\" data-widget_type=\"heading.default\">\n\t\t\t\t\t<h5 class=\"elementor-heading-title elementor-size-default\">Warum werden diese Unterlagen ben\u00f6tigt?<\/h5>\t\t\t\t<\/div>\n\t\t\t\t<div class=\"elementor-element elementor-element-38aad7a elementor-widget elementor-widget-text-editor\" data-id=\"38aad7a\" data-element_type=\"widget\" data-e-type=\"widget\" data-widget_type=\"text-editor.default\">\n\t\t\t\t\t\t\t\t\tDie Unterlagen werden f\u00fcr das Standesamt ben\u00f6tigt, um die Sterbeurkunden zu bekommen. Ohne Sterbeurkunden ist eine Beisetzung oder \u00dcberf\u00fchrung nicht m\u00f6glich. Au\u00dferdem wird die Sterbeurkunde hinterher auch f\u00fcr Abmeldungen, Erbangelegenheiten, Rentenanspr\u00fcche etc. ben\u00f6tigt.\t\t\t\t\t\t\t\t<\/div>\n\t\t\t\t\t<\/div>\n\t\t<\/div>\n\t\t\t\t\t<\/div>\n\t\t<\/section>\n\t\t\t\t\t<\/div>\n\t\t<\/div>\n\t\t\t\t\t<\/div>\n\t\t<\/section>\n\t\t\t\t<\/div>","protected":false},"excerpt":{"rendered":"<p>Bestattung in der Heimat Gerade Menschen, die viele Jahre ihres Lebens fernab ihrer Heimat verbracht haben, versp\u00fcren h\u00e4ufig den tiefen Wunsch, ihre letzte Ruhe im Heimatland zu finden. Das Leben f\u00fchrte viele nach Deutschland \u2013 der Tod bringt sie zur\u00fcck in ihre Heimat. F\u00fcr zahlreiche Muslime mit Migrationshintergrund ist die Bestattung im Heimatland ein bedeutendes [&hellip;]<\/p>\n","protected":false},"author":1,"featured_media":703,"parent":0,"menu_order":0,"comment_status":"closed","ping_status":"closed","template":"elementor_header_footer","meta":{"footnotes":""},"class_list":["post-445","page","type-page","status-publish","has-post-thumbnail","hentry"],"_links":{"self":[{"href":"https:\/\/islam-bestattungen.com\/en\/wp-json\/wp\/v2\/pages\/445","targetHints":{"allow":["GET"]}}],"collection":[{"href":"https:\/\/islam-bestattungen.com\/en\/wp-json\/wp\/v2\/pages"}],"about":[{"href":"https:\/\/islam-bestattungen.com\/en\/wp-json\/wp\/v2\/types\/page"}],"author":[{"embeddable":true,"href":"https:\/\/islam-bestattungen.com\/en\/wp-json\/wp\/v2\/users\/1"}],"replies":[{"embeddable":true,"href":"https:\/\/islam-bestattungen.com\/en\/wp-json\/wp\/v2\/comments?post=445"}],"version-history":[{"count":0,"href":"https:\/\/islam-bestattungen.com\/en\/wp-json\/wp\/v2\/pages\/445\/revisions"}],"wp:featuredmedia":[{"embeddable":true,"href":"https:\/\/islam-bestattungen.com\/en\/wp-json\/wp\/v2\/media\/703"}],"wp:attachment":[{"href":"https:\/\/islam-bestattungen.com\/en\/wp-json\/wp\/v2\/media?parent=445"}],"curies":[{"name":"wp","href":"https:\/\/api.w.org\/{rel}","templated":true}]}}